{"id":1658,"date":"2024-09-18T22:10:10","date_gmt":"2024-09-18T21:10:10","guid":{"rendered":"https:\/\/lainesfiset.ca\/?product=bebe-flamant-rose-doudoune"},"modified":"2026-03-28T01:17:58","modified_gmt":"2026-03-28T05:17:58","slug":"bebe-flamant-rose-doudoune","status":"publish","type":"product","link":"https:\/\/lainesfiset.ca\/?product=bebe-flamant-rose-doudoune","title":{"rendered":"B\u00e9b\u00e9 Flamant Rose &#8211; Doudoune"},"content":{"rendered":"<p>Un m\u00e9lange de rose doux et de gris, Worsted &#8211; 100% superwash m\u00e9rinos<\/p>\n","protected":false},"excerpt":{"rendered":"<p>Un m\u00e9lange de rose doux et de gris, Worsted &#8211; 100% superwash m\u00e9rinos<\/p>\n","protected":false},"featured_media":3192,"comment_status":"closed","ping_status":"closed","template":"","meta":{"saved_in_kubio":false,"om_disable_all_campaigns":false,"advanced_seo_description":"","jetpack_seo_html_title":"","jetpack_seo_noindex":false,"jetpack_post_was_ever_published":false},"product_brand":[],"product_cat":[81,22,72],"product_tag":[111,89,83,86,90,88],"class_list":{"0":"post-1658","1":"product","2":"type-product","3":"status-publish","4":"has-post-thumbnail","6":"product_cat-doudoune","7":"product_cat-laines","8":"product_cat-worsted","9":"product_tag-bebe-flamant-rose","10":"product_tag-doudoune","11":"product_tag-laines","12":"product_tag-merinos","13":"product_tag-superwash","14":"product_tag-worsted","16":"first","17":"instock","18":"taxable","19":"shipping-taxable","20":"purchasable","21":"product-type-simple"},"jetpack_sharing_enabled":true,"_links":{"self":[{"href":"https:\/\/lainesfiset.ca\/index.php?rest_route=\/wp\/v2\/product\/1658","targetHints":{"allow":["GET"]}}],"collection":[{"href":"https:\/\/lainesfiset.ca\/index.php?rest_route=\/wp\/v2\/product"}],"about":[{"href":"https:\/\/lainesfiset.ca\/index.php?rest_route=\/wp\/v2\/types\/product"}],"replies":[{"embeddable":true,"href":"https:\/\/lainesfiset.ca\/index.php?rest_route=%2Fwp%2Fv2%2Fcomments&post=1658"}],"wp:featuredmedia":[{"embeddable":true,"href":"https:\/\/lainesfiset.ca\/index.php?rest_route=\/wp\/v2\/media\/3192"}],"wp:attachment":[{"href":"https:\/\/lainesfiset.ca\/index.php?rest_route=%2Fwp%2Fv2%2Fmedia&parent=1658"}],"wp:term":[{"taxonomy":"product_brand","embeddable":true,"href":"https:\/\/lainesfiset.ca\/index.php?rest_route=%2Fwp%2Fv2%2Fproduct_brand&post=1658"},{"taxonomy":"product_cat","embeddable":true,"href":"https:\/\/lainesfiset.ca\/index.php?rest_route=%2Fwp%2Fv2%2Fproduct_cat&post=1658"},{"taxonomy":"product_tag","embeddable":true,"href":"https:\/\/lainesfiset.ca\/index.php?rest_route=%2Fwp%2Fv2%2Fproduct_tag&post=1658"}],"curies":[{"name":"wp","href":"https:\/\/api.w.org\/{rel}","templated":true}]}}