{"id":1718,"date":"2024-09-18T22:12:19","date_gmt":"2024-09-18T21:12:19","guid":{"rendered":"https:\/\/lainesfiset.ca\/?product=feuilles-dautomne-nuage"},"modified":"2026-03-01T17:37:40","modified_gmt":"2026-03-01T22:37:40","slug":"cerises-noires-nuage-2","status":"publish","type":"product","link":"https:\/\/lainesfiset.ca\/?product=cerises-noires-nuage-2","title":{"rendered":"Cerises Noires &#8211; Nuage"},"content":{"rendered":"<p>Un chamoir\u00e9 de rouge \u00e9clatant et de mauve bourgogne, Bulky &#8211; 100% superwash m\u00e9rinos<\/p>\n","protected":false},"excerpt":{"rendered":"<p>Un chamoir\u00e9 de rouge \u00e9clatant et de mauve bourgogne, Bulky &#8211; 100% superwash m\u00e9rinos<\/p>\n","protected":false},"featured_media":3711,"comment_status":"closed","ping_status":"closed","template":"","meta":{"saved_in_kubio":false,"om_disable_all_campaigns":false,"advanced_seo_description":"","jetpack_seo_html_title":"","jetpack_seo_noindex":false,"jetpack_post_was_ever_published":false},"product_brand":[],"product_cat":[73,22,79],"product_tag":[93,136,83,86,94,90],"class_list":{"0":"post-1718","1":"product","2":"type-product","3":"status-publish","4":"has-post-thumbnail","6":"product_cat-bulky","7":"product_cat-laines","8":"product_cat-nuage","9":"product_tag-bulky","10":"product_tag-cerises-noires","11":"product_tag-laines","12":"product_tag-merinos","13":"product_tag-nuage","14":"product_tag-superwash","16":"first","17":"instock","18":"taxable","19":"shipping-taxable","20":"purchasable","21":"product-type-simple"},"jetpack_sharing_enabled":true,"_links":{"self":[{"href":"https:\/\/lainesfiset.ca\/index.php?rest_route=\/wp\/v2\/product\/1718","targetHints":{"allow":["GET"]}}],"collection":[{"href":"https:\/\/lainesfiset.ca\/index.php?rest_route=\/wp\/v2\/product"}],"about":[{"href":"https:\/\/lainesfiset.ca\/index.php?rest_route=\/wp\/v2\/types\/product"}],"replies":[{"embeddable":true,"href":"https:\/\/lainesfiset.ca\/index.php?rest_route=%2Fwp%2Fv2%2Fcomments&post=1718"}],"wp:featuredmedia":[{"embeddable":true,"href":"https:\/\/lainesfiset.ca\/index.php?rest_route=\/wp\/v2\/media\/3711"}],"wp:attachment":[{"href":"https:\/\/lainesfiset.ca\/index.php?rest_route=%2Fwp%2Fv2%2Fmedia&parent=1718"}],"wp:term":[{"taxonomy":"product_brand","embeddable":true,"href":"https:\/\/lainesfiset.ca\/index.php?rest_route=%2Fwp%2Fv2%2Fproduct_brand&post=1718"},{"taxonomy":"product_cat","embeddable":true,"href":"https:\/\/lainesfiset.ca\/index.php?rest_route=%2Fwp%2Fv2%2Fproduct_cat&post=1718"},{"taxonomy":"product_tag","embeddable":true,"href":"https:\/\/lainesfiset.ca\/index.php?rest_route=%2Fwp%2Fv2%2Fproduct_tag&post=1718"}],"curies":[{"name":"wp","href":"https:\/\/api.w.org\/{rel}","templated":true}]}}