{"id":1726,"date":"2024-09-18T22:12:37","date_gmt":"2024-09-18T21:12:37","guid":{"rendered":"https:\/\/lainesfiset.ca\/?product=perle-grise-nuage"},"modified":"2026-03-28T01:01:55","modified_gmt":"2026-03-28T05:01:55","slug":"perle-grise-nuage","status":"publish","type":"product","link":"https:\/\/lainesfiset.ca\/?product=perle-grise-nuage","title":{"rendered":"Perle Grise &#8211; Nuage"},"content":{"rendered":"<p>Un chamoir\u00e9 de diff\u00e9rents gris, Bulky &#8211; 100% superwash m\u00e9rinos<\/p>\n","protected":false},"excerpt":{"rendered":"<p>Un chamoir\u00e9 de diff\u00e9rents gris, Bulky &#8211; 100% superwash m\u00e9rinos<\/p>\n","protected":false},"featured_media":3145,"comment_status":"closed","ping_status":"closed","template":"","meta":{"saved_in_kubio":false,"om_disable_all_campaigns":false,"advanced_seo_description":"","jetpack_seo_html_title":"","jetpack_seo_noindex":false,"jetpack_post_was_ever_published":false},"product_brand":[],"product_cat":[73,22,79],"product_tag":[93,83,86,94,130,90],"class_list":{"0":"post-1726","1":"product","2":"type-product","3":"status-publish","4":"has-post-thumbnail","6":"product_cat-bulky","7":"product_cat-laines","8":"product_cat-nuage","9":"product_tag-bulky","10":"product_tag-laines","11":"product_tag-merinos","12":"product_tag-nuage","13":"product_tag-perle-grise","14":"product_tag-superwash","16":"first","17":"onbackorder","18":"taxable","19":"shipping-taxable","20":"purchasable","21":"product-type-simple"},"jetpack_sharing_enabled":true,"_links":{"self":[{"href":"https:\/\/lainesfiset.ca\/index.php?rest_route=\/wp\/v2\/product\/1726","targetHints":{"allow":["GET"]}}],"collection":[{"href":"https:\/\/lainesfiset.ca\/index.php?rest_route=\/wp\/v2\/product"}],"about":[{"href":"https:\/\/lainesfiset.ca\/index.php?rest_route=\/wp\/v2\/types\/product"}],"replies":[{"embeddable":true,"href":"https:\/\/lainesfiset.ca\/index.php?rest_route=%2Fwp%2Fv2%2Fcomments&post=1726"}],"wp:featuredmedia":[{"embeddable":true,"href":"https:\/\/lainesfiset.ca\/index.php?rest_route=\/wp\/v2\/media\/3145"}],"wp:attachment":[{"href":"https:\/\/lainesfiset.ca\/index.php?rest_route=%2Fwp%2Fv2%2Fmedia&parent=1726"}],"wp:term":[{"taxonomy":"product_brand","embeddable":true,"href":"https:\/\/lainesfiset.ca\/index.php?rest_route=%2Fwp%2Fv2%2Fproduct_brand&post=1726"},{"taxonomy":"product_cat","embeddable":true,"href":"https:\/\/lainesfiset.ca\/index.php?rest_route=%2Fwp%2Fv2%2Fproduct_cat&post=1726"},{"taxonomy":"product_tag","embeddable":true,"href":"https:\/\/lainesfiset.ca\/index.php?rest_route=%2Fwp%2Fv2%2Fproduct_tag&post=1726"}],"curies":[{"name":"wp","href":"https:\/\/api.w.org\/{rel}","templated":true}]}}