{"id":1771,"date":"2024-09-18T22:14:17","date_gmt":"2024-09-18T21:14:17","guid":{"rendered":"https:\/\/lainesfiset.ca\/?product=jaune-musque-plume"},"modified":"2025-10-14T20:47:16","modified_gmt":"2025-10-15T00:47:16","slug":"jaune-musque-plume","status":"publish","type":"product","link":"https:\/\/lainesfiset.ca\/?product=jaune-musque-plume","title":{"rendered":"Jaune Musqu\u00e9 &#8211; Plume"},"content":{"rendered":"<p>Un d\u00e9grad\u00e9 de jaune dor\u00e9e et d\u2019orang\u00e9e, Dentelle &#8211; 75% b\u00e9b\u00e9 suri, 25% soie de murier<\/p>\n","protected":false},"excerpt":{"rendered":"<p>Un d\u00e9grad\u00e9 de jaune dor\u00e9e et d\u2019orang\u00e9e, Dentelle &#8211; 75% b\u00e9b\u00e9 suri, 25% soie de murier<\/p>\n","protected":false},"featured_media":2997,"comment_status":"closed","ping_status":"closed","template":"","meta":{"saved_in_kubio":false,"om_disable_all_campaigns":false,"advanced_seo_description":"","jetpack_seo_html_title":"","jetpack_seo_noindex":false,"jetpack_post_was_ever_published":false},"product_brand":[],"product_cat":[77,22,78],"product_tag":[99,102,127,83,103,104],"class_list":{"0":"post-1771","1":"product","2":"type-product","3":"status-publish","4":"has-post-thumbnail","6":"product_cat-dentelle","7":"product_cat-laines","8":"product_cat-plume","9":"product_tag-alpaga","10":"product_tag-dentelle","11":"product_tag-jaune-musque","12":"product_tag-laines","13":"product_tag-plume","14":"product_tag-soie-de-murier","16":"first","17":"instock","18":"taxable","19":"shipping-taxable","20":"purchasable","21":"product-type-simple"},"jetpack_sharing_enabled":true,"_links":{"self":[{"href":"https:\/\/lainesfiset.ca\/index.php?rest_route=\/wp\/v2\/product\/1771","targetHints":{"allow":["GET"]}}],"collection":[{"href":"https:\/\/lainesfiset.ca\/index.php?rest_route=\/wp\/v2\/product"}],"about":[{"href":"https:\/\/lainesfiset.ca\/index.php?rest_route=\/wp\/v2\/types\/product"}],"replies":[{"embeddable":true,"href":"https:\/\/lainesfiset.ca\/index.php?rest_route=%2Fwp%2Fv2%2Fcomments&post=1771"}],"wp:featuredmedia":[{"embeddable":true,"href":"https:\/\/lainesfiset.ca\/index.php?rest_route=\/wp\/v2\/media\/2997"}],"wp:attachment":[{"href":"https:\/\/lainesfiset.ca\/index.php?rest_route=%2Fwp%2Fv2%2Fmedia&parent=1771"}],"wp:term":[{"taxonomy":"product_brand","embeddable":true,"href":"https:\/\/lainesfiset.ca\/index.php?rest_route=%2Fwp%2Fv2%2Fproduct_brand&post=1771"},{"taxonomy":"product_cat","embeddable":true,"href":"https:\/\/lainesfiset.ca\/index.php?rest_route=%2Fwp%2Fv2%2Fproduct_cat&post=1771"},{"taxonomy":"product_tag","embeddable":true,"href":"https:\/\/lainesfiset.ca\/index.php?rest_route=%2Fwp%2Fv2%2Fproduct_tag&post=1771"}],"curies":[{"name":"wp","href":"https:\/\/api.w.org\/{rel}","templated":true}]}}