{"id":1805,"date":"2024-09-18T22:15:29","date_gmt":"2024-09-18T21:15:29","guid":{"rendered":"https:\/\/lainesfiset.ca\/?product=collines-boreales-tournesol"},"modified":"2025-11-09T21:08:19","modified_gmt":"2025-11-10T02:08:19","slug":"collines-boreales-tournesol","status":"publish","type":"product","link":"https:\/\/lainesfiset.ca\/?product=collines-boreales-tournesol","title":{"rendered":"Collines Bor\u00e9ales &#8211; Tournesol"},"content":{"rendered":"<p>Un d\u00e9grad\u00e9 chamoir\u00e9 de vert for\u00eat, bleu \u00e9pinette et de l\u00e9ger jaune, Fingering &#8211; 75% m\u00e9rinos superwash, 25% nylon recycl\u00e9 post-consommation<\/p>\n","protected":false},"excerpt":{"rendered":"<p>Un d\u00e9grad\u00e9 chamoir\u00e9 de vert for\u00eat, bleu \u00e9pinette et de l\u00e9ger jaune, Fingering &#8211; 75% m\u00e9rinos superwash, 25% nylon recycl\u00e9 post-consommation<\/p>\n","protected":false},"featured_media":3021,"comment_status":"closed","ping_status":"closed","template":"","meta":{"saved_in_kubio":false,"om_disable_all_campaigns":false,"advanced_seo_description":"","jetpack_seo_html_title":"","jetpack_seo_noindex":false,"jetpack_post_was_ever_published":false},"product_brand":[],"product_cat":[67,22,69],"product_tag":[116,84,83,86,90,65],"class_list":{"0":"post-1805","1":"product","2":"type-product","3":"status-publish","4":"has-post-thumbnail","6":"product_cat-fingering","7":"product_cat-laines","8":"product_cat-tournesol","9":"product_tag-collines-boreales","10":"product_tag-fingering","11":"product_tag-laines","12":"product_tag-merinos","13":"product_tag-superwash","14":"product_tag-tournesol","16":"first","17":"instock","18":"taxable","19":"shipping-taxable","20":"purchasable","21":"product-type-variable"},"jetpack_sharing_enabled":true,"_links":{"self":[{"href":"https:\/\/lainesfiset.ca\/index.php?rest_route=\/wp\/v2\/product\/1805","targetHints":{"allow":["GET"]}}],"collection":[{"href":"https:\/\/lainesfiset.ca\/index.php?rest_route=\/wp\/v2\/product"}],"about":[{"href":"https:\/\/lainesfiset.ca\/index.php?rest_route=\/wp\/v2\/types\/product"}],"replies":[{"embeddable":true,"href":"https:\/\/lainesfiset.ca\/index.php?rest_route=%2Fwp%2Fv2%2Fcomments&post=1805"}],"wp:featuredmedia":[{"embeddable":true,"href":"https:\/\/lainesfiset.ca\/index.php?rest_route=\/wp\/v2\/media\/3021"}],"wp:attachment":[{"href":"https:\/\/lainesfiset.ca\/index.php?rest_route=%2Fwp%2Fv2%2Fmedia&parent=1805"}],"wp:term":[{"taxonomy":"product_brand","embeddable":true,"href":"https:\/\/lainesfiset.ca\/index.php?rest_route=%2Fwp%2Fv2%2Fproduct_brand&post=1805"},{"taxonomy":"product_cat","embeddable":true,"href":"https:\/\/lainesfiset.ca\/index.php?rest_route=%2Fwp%2Fv2%2Fproduct_cat&post=1805"},{"taxonomy":"product_tag","embeddable":true,"href":"https:\/\/lainesfiset.ca\/index.php?rest_route=%2Fwp%2Fv2%2Fproduct_tag&post=1805"}],"curies":[{"name":"wp","href":"https:\/\/api.w.org\/{rel}","templated":true}]}}