{"id":1826,"date":"2024-09-18T22:16:12","date_gmt":"2024-09-18T21:16:12","guid":{"rendered":"https:\/\/lainesfiset.ca\/?product=bebe-flamant-rose-twist"},"modified":"2026-03-01T17:05:01","modified_gmt":"2026-03-01T22:05:01","slug":"bebe-flamant-rose-twist","status":"publish","type":"product","link":"https:\/\/lainesfiset.ca\/?product=bebe-flamant-rose-twist","title":{"rendered":"B\u00e9b\u00e9 Flamant Rose &#8211; Twist"},"content":{"rendered":"<p>Un m\u00e9lange de rose doux et de gris, Fingering &#8211; 80% m\u00e9rinos superwash, 20% nylon recycl\u00e9 post-consommation<\/p>\n","protected":false},"excerpt":{"rendered":"<p>Un m\u00e9lange de rose doux et de gris, Fingering &#8211; 80% m\u00e9rinos superwash, 20% nylon recycl\u00e9 post-consommation<\/p>\n","protected":false},"featured_media":3395,"comment_status":"closed","ping_status":"closed","template":"","meta":{"saved_in_kubio":false,"om_disable_all_campaigns":false,"advanced_seo_description":"","jetpack_seo_html_title":"","jetpack_seo_noindex":false,"jetpack_post_was_ever_published":false},"product_brand":[],"product_cat":[68],"product_tag":[111,84,83,86,131,90,108],"class_list":{"0":"post-1826","1":"product","2":"type-product","3":"status-publish","4":"has-post-thumbnail","6":"product_cat-twist","7":"product_tag-bebe-flamant-rose","8":"product_tag-fingering","9":"product_tag-laines","10":"product_tag-merinos","11":"product_tag-rose-neon","12":"product_tag-superwash","13":"product_tag-twist","15":"first","16":"onbackorder","17":"taxable","18":"shipping-taxable","19":"purchasable","20":"product-type-variable"},"jetpack_sharing_enabled":true,"_links":{"self":[{"href":"https:\/\/lainesfiset.ca\/index.php?rest_route=\/wp\/v2\/product\/1826","targetHints":{"allow":["GET"]}}],"collection":[{"href":"https:\/\/lainesfiset.ca\/index.php?rest_route=\/wp\/v2\/product"}],"about":[{"href":"https:\/\/lainesfiset.ca\/index.php?rest_route=\/wp\/v2\/types\/product"}],"replies":[{"embeddable":true,"href":"https:\/\/lainesfiset.ca\/index.php?rest_route=%2Fwp%2Fv2%2Fcomments&post=1826"}],"wp:featuredmedia":[{"embeddable":true,"href":"https:\/\/lainesfiset.ca\/index.php?rest_route=\/wp\/v2\/media\/3395"}],"wp:attachment":[{"href":"https:\/\/lainesfiset.ca\/index.php?rest_route=%2Fwp%2Fv2%2Fmedia&parent=1826"}],"wp:term":[{"taxonomy":"product_brand","embeddable":true,"href":"https:\/\/lainesfiset.ca\/index.php?rest_route=%2Fwp%2Fv2%2Fproduct_brand&post=1826"},{"taxonomy":"product_cat","embeddable":true,"href":"https:\/\/lainesfiset.ca\/index.php?rest_route=%2Fwp%2Fv2%2Fproduct_cat&post=1826"},{"taxonomy":"product_tag","embeddable":true,"href":"https:\/\/lainesfiset.ca\/index.php?rest_route=%2Fwp%2Fv2%2Fproduct_tag&post=1826"}],"curies":[{"name":"wp","href":"https:\/\/api.w.org\/{rel}","templated":true}]}}