{"id":1834,"date":"2024-09-18T22:16:31","date_gmt":"2024-09-18T21:16:31","guid":{"rendered":"https:\/\/lainesfiset.ca\/?product=corail-twist"},"modified":"2025-09-30T18:36:40","modified_gmt":"2025-09-30T22:36:40","slug":"corail-twist","status":"publish","type":"product","link":"https:\/\/lainesfiset.ca\/?product=corail-twist","title":{"rendered":"Corail &#8211; Twist"},"content":{"rendered":"<p>Un corail flashy avec de doux tons orang\u00e9s, Fingering &#8211; 80% m\u00e9rinos superwash, 20% nylon recycl\u00e9 post-consommation<\/p>\n","protected":false},"excerpt":{"rendered":"<p>Un corail flashy avec de doux tons orang\u00e9s, Fingering &#8211; 80% m\u00e9rinos superwash, 20% nylon recycl\u00e9 post-consommation<\/p>\n","protected":false},"featured_media":3135,"comment_status":"closed","ping_status":"closed","template":"","meta":{"saved_in_kubio":false,"om_disable_all_campaigns":false,"advanced_seo_description":"","jetpack_seo_html_title":"","jetpack_seo_noindex":false,"jetpack_post_was_ever_published":false},"product_brand":[],"product_cat":[67,22,68],"product_tag":[117,84,83,86,90,108],"class_list":{"0":"post-1834","1":"product","2":"type-product","3":"status-publish","4":"has-post-thumbnail","6":"product_cat-fingering","7":"product_cat-laines","8":"product_cat-twist","9":"product_tag-corail","10":"product_tag-fingering","11":"product_tag-laines","12":"product_tag-merinos","13":"product_tag-superwash","14":"product_tag-twist","16":"first","17":"instock","18":"taxable","19":"shipping-taxable","20":"purchasable","21":"product-type-variable"},"jetpack_sharing_enabled":true,"_links":{"self":[{"href":"https:\/\/lainesfiset.ca\/index.php?rest_route=\/wp\/v2\/product\/1834","targetHints":{"allow":["GET"]}}],"collection":[{"href":"https:\/\/lainesfiset.ca\/index.php?rest_route=\/wp\/v2\/product"}],"about":[{"href":"https:\/\/lainesfiset.ca\/index.php?rest_route=\/wp\/v2\/types\/product"}],"replies":[{"embeddable":true,"href":"https:\/\/lainesfiset.ca\/index.php?rest_route=%2Fwp%2Fv2%2Fcomments&post=1834"}],"wp:featuredmedia":[{"embeddable":true,"href":"https:\/\/lainesfiset.ca\/index.php?rest_route=\/wp\/v2\/media\/3135"}],"wp:attachment":[{"href":"https:\/\/lainesfiset.ca\/index.php?rest_route=%2Fwp%2Fv2%2Fmedia&parent=1834"}],"wp:term":[{"taxonomy":"product_brand","embeddable":true,"href":"https:\/\/lainesfiset.ca\/index.php?rest_route=%2Fwp%2Fv2%2Fproduct_brand&post=1834"},{"taxonomy":"product_cat","embeddable":true,"href":"https:\/\/lainesfiset.ca\/index.php?rest_route=%2Fwp%2Fv2%2Fproduct_cat&post=1834"},{"taxonomy":"product_tag","embeddable":true,"href":"https:\/\/lainesfiset.ca\/index.php?rest_route=%2Fwp%2Fv2%2Fproduct_tag&post=1834"}],"curies":[{"name":"wp","href":"https:\/\/api.w.org\/{rel}","templated":true}]}}