{"id":813,"date":"2024-07-06T13:39:45","date_gmt":"2024-07-06T17:39:45","guid":{"rendered":"https:\/\/lainesfiset.ca\/?product=chouchou-de-jade"},"modified":"2025-07-25T11:25:16","modified_gmt":"2025-07-25T15:25:16","slug":"chouchou-de-jade","status":"publish","type":"product","link":"https:\/\/lainesfiset.ca\/?product=chouchou-de-jade","title":{"rendered":"Chouchou de Jade"},"content":{"rendered":"<p>Des \u00e9lastique \u00e0 cheveux crochet\u00e9s avec amour par notre filleule Jade avec notre fingering superwash.<\/p>\n<p>Plusieurs m\u00e9langes de couleurs disponible au gr\u00e9 des saisons.<\/p>\n","protected":false},"excerpt":{"rendered":"<p>Des \u00e9lastique \u00e0 cheveux crochet\u00e9s avec amour par notre filleule Jade avec notre fingering superwash. Plusieurs m\u00e9langes de couleurs disponible au gr\u00e9 des saisons.<\/p>\n","protected":false},"featured_media":814,"comment_status":"open","ping_status":"closed","template":"","meta":{"saved_in_kubio":false,"om_disable_all_campaigns":false,"advanced_seo_description":"","jetpack_seo_html_title":"","jetpack_seo_noindex":false,"jetpack_post_was_ever_published":false},"product_brand":[],"product_cat":[40],"product_tag":[],"class_list":{"0":"post-813","1":"product","2":"type-product","3":"status-publish","4":"has-post-thumbnail","6":"product_cat-accessoires","8":"first","9":"instock","10":"taxable","11":"shipping-taxable","12":"purchasable","13":"product-type-simple"},"jetpack_sharing_enabled":true,"_links":{"self":[{"href":"https:\/\/lainesfiset.ca\/index.php?rest_route=\/wp\/v2\/product\/813","targetHints":{"allow":["GET"]}}],"collection":[{"href":"https:\/\/lainesfiset.ca\/index.php?rest_route=\/wp\/v2\/product"}],"about":[{"href":"https:\/\/lainesfiset.ca\/index.php?rest_route=\/wp\/v2\/types\/product"}],"replies":[{"embeddable":true,"href":"https:\/\/lainesfiset.ca\/index.php?rest_route=%2Fwp%2Fv2%2Fcomments&post=813"}],"wp:featuredmedia":[{"embeddable":true,"href":"https:\/\/lainesfiset.ca\/index.php?rest_route=\/wp\/v2\/media\/814"}],"wp:attachment":[{"href":"https:\/\/lainesfiset.ca\/index.php?rest_route=%2Fwp%2Fv2%2Fmedia&parent=813"}],"wp:term":[{"taxonomy":"product_brand","embeddable":true,"href":"https:\/\/lainesfiset.ca\/index.php?rest_route=%2Fwp%2Fv2%2Fproduct_brand&post=813"},{"taxonomy":"product_cat","embeddable":true,"href":"https:\/\/lainesfiset.ca\/index.php?rest_route=%2Fwp%2Fv2%2Fproduct_cat&post=813"},{"taxonomy":"product_tag","embeddable":true,"href":"https:\/\/lainesfiset.ca\/index.php?rest_route=%2Fwp%2Fv2%2Fproduct_tag&post=813"}],"curies":[{"name":"wp","href":"https:\/\/api.w.org\/{rel}","templated":true}]}}